{"id":2422,"date":"2026-01-28T20:03:59","date_gmt":"2026-01-28T20:03:59","guid":{"rendered":"https:\/\/tienda.bulk.uy\/?page_id=2422"},"modified":"2026-01-28T20:04:04","modified_gmt":"2026-01-28T20:04:04","slug":"devoluciones","status":"publish","type":"page","link":"https:\/\/tienda.bulk.uy\/index.php\/devoluciones\/","title":{"rendered":"Devoluciones"},"content":{"rendered":"\n<h1><strong>Devoluciones<\/strong><\/h1>\n<p class=\"p1\">En BULK nos enorgullecemos de nuestros productos y creemos en la calidad de nuestros productos. Por lo tanto, esperamos que est\u00e9 completamente satisfecho con sus productos BULK.<\/p>\n<p class=\"p1\">Si desea devolver sus productos, utilice nuestro portal de devoluciones. Haga clic en el enlace a continuaci\u00f3n para procesar su etiqueta de env\u00edo y le indicaremos los pasos a seguir para procesar su devoluci\u00f3n.<\/p>\n<p class=\"p1\">Si no est\u00e1 completamente satisfecho con su compra, devu\u00e9lvala en su estado original. Los art\u00edculos devueltos deben estar sin usar, con todas las etiquetas correspondientes y enviarse en un plazo de 28 d\u00edas desde su recepci\u00f3n.<\/p>\n<p class=\"p1\">Conserve el ticket de entrega, ya que podr\u00edamos solicitarlo junto con su devoluci\u00f3n.<\/p>\n<p class=\"p1\">Aseg\u00farese de tener el n\u00famero de pedido correcto y de utilizar la direcci\u00f3n de correo electr\u00f3nico correcta con la que realiz\u00f3 el pedido al devolver los art\u00edculos a trav\u00e9s de nuestro portal.<\/p>\n<p class=\"p1\">Las prendas deben estar sin usar, con todas las etiquetas correspondientes. Nuestro embalaje forma parte del producto y debe devolverse junto con la mercanc\u00eda. Esto garantiza que el\/los producto(s) nos llegue(n) en buen estado y sin da\u00f1os. Las devoluciones da\u00f1adas o sucias podr\u00edan no ser aceptadas y podr\u00edan ser devueltas al cliente o se podr\u00eda rechazar el reembolso.<\/p>\n<p class=\"p1\">Es su responsabilidad cuidar razonablemente los art\u00edculos y ser\u00e1 responsable de cualquier da\u00f1o hasta que el paquete llegue a nuestro almac\u00e9n. No nos hacemos responsables de ning\u00fan paquete perdido o extraviado que nos devuelvan por el servicio de entrega que sea.<\/p>\n<p class=\"p1\">Anote el n\u00famero de seguimiento de la etiqueta antes de enviar su art\u00edculo. Podr\u00eda ser necesario proporcionarlo si su paquete se retrasa o se pierde durante el transporte.<\/p>\n<p class=\"p1\">Si tiene alguna pregunta o inquietud sobre su devoluci\u00f3n, comun\u00edquese con el servicio de atenci\u00f3n al cliente y uno de nuestros representantes estar\u00e1 encantado de ayudarlo.<\/p>\n<h1><strong>Productos defectuosos<\/strong><\/h1>\n<p class=\"p1\">Los productos defectuosos se refieren a problemas de fabricaci\u00f3n. Los art\u00edculos da\u00f1ados por el uso y desgaste normal no se consideran defectuosos.<\/p>\n<p class=\"p1\">Para reclamar bajo su garant\u00eda, complete el formulario aqu\u00ed. Le solicitaremos una imagen n\u00edtida del defecto y de c\u00f3mo se lav\u00f3 y sec\u00f3 la prenda. Esto resultar\u00e1 en la devoluci\u00f3n de la prenda.<\/p>\n<p class=\"p1\">No se reembolsar\u00e1n los gastos de env\u00edo originales. El importe se reembolsar\u00e1 en la moneda utilizada para la compra original que son pesos Uruguayos.<\/p>\n<p class=\"p1\">Una vez recibida la devoluci\u00f3n en nuestro almac\u00e9n, comenzaremos a procesar el reembolso lo antes posible. El importe del reembolso puede tardar hasta 30 d\u00edas en aparecer en su cuenta.<\/p>\n\n","protected":false},"excerpt":{"rendered":"","protected":false},"author":2,"featured_media":0,"parent":0,"menu_order":0,"comment_status":"closed","ping_status":"closed","template":"","meta":{"footnotes":""},"class_list":["post-2422","page","type-page","status-publish","hentry"],"_links":{"self":[{"href":"https:\/\/tienda.bulk.uy\/index.php\/wp-json\/wp\/v2\/pages\/2422","targetHints":{"allow":["GET"]}}],"collection":[{"href":"https:\/\/tienda.bulk.uy\/index.php\/wp-json\/wp\/v2\/pages"}],"about":[{"href":"https:\/\/tienda.bulk.uy\/index.php\/wp-json\/wp\/v2\/types\/page"}],"author":[{"embeddable":true,"href":"https:\/\/tienda.bulk.uy\/index.php\/wp-json\/wp\/v2\/users\/2"}],"replies":[{"embeddable":true,"href":"https:\/\/tienda.bulk.uy\/index.php\/wp-json\/wp\/v2\/comments?post=2422"}],"version-history":[{"count":2,"href":"https:\/\/tienda.bulk.uy\/index.php\/wp-json\/wp\/v2\/pages\/2422\/revisions"}],"predecessor-version":[{"id":2424,"href":"https:\/\/tienda.bulk.uy\/index.php\/wp-json\/wp\/v2\/pages\/2422\/revisions\/2424"}],"wp:attachment":[{"href":"https:\/\/tienda.bulk.uy\/index.php\/wp-json\/wp\/v2\/media?parent=2422"}],"curies":[{"name":"wp","href":"https:\/\/api.w.org\/{rel}","templated":true}]}}